{"id":944,"date":"2021-11-03T12:05:52","date_gmt":"2021-11-03T12:05:52","guid":{"rendered":"https:\/\/salumicervellera.it\/?product=tarallini-allo-speck"},"modified":"2025-12-18T12:28:22","modified_gmt":"2025-12-18T11:28:22","slug":"tarallini-allo-speck","status":"publish","type":"product","link":"https:\/\/capocollodimartinafranca.it\/en\/negozio\/prodotti-tipici\/tarallini-allo-speck\/","title":{"rendered":"Speck Taralli"},"content":{"rendered":"<p>Pezzatura: 240 g<\/p>\n<p>&nbsp;<\/p>\n<p>The taralli are prepared with a dough made from selected wheat flour, white wine and the best extra virgin olive oil.<\/p>\n<p>&nbsp;<\/p>\n<p>A typical Apulian product, it is made original thanks to its friability and the taste of speck, which makes it pleasing to the most demanding palates.<\/p>","protected":false},"excerpt":{"rendered":"<p>Pezzatura: 240 g &nbsp; I taralli sono preparati con un impasto a base di farine di grano selezionato, vino bianco, il miglior extravergine d\u2019oliva. &nbsp; Prodotto tipico pugliese \u00e8 reso originale grazie alla sua friabilit\u00e0 e al gusto dello speck che lo rende piacevole ai palati pi\u00f9 esigenti.<\/p>","protected":false},"featured_media":945,"template":"","meta":{"_acf_changed":false},"product_brand":[62],"product_cat":[66],"product_tag":[],"class_list":{"0":"post-944","1":"product","2":"type-product","3":"status-publish","4":"has-post-thumbnail","6":"product_brand-cervellera","7":"product_cat-prodotti-tipici","9":"first","10":"outofstock","11":"shipping-taxable","12":"purchasable","13":"product-type-simple"},"acf":[],"_links":{"self":[{"href":"https:\/\/capocollodimartinafranca.it\/en\/wp-json\/wp\/v2\/product\/944","targetHints":{"allow":["GET"]}}],"collection":[{"href":"https:\/\/capocollodimartinafranca.it\/en\/wp-json\/wp\/v2\/product"}],"about":[{"href":"https:\/\/capocollodimartinafranca.it\/en\/wp-json\/wp\/v2\/types\/product"}],"wp:featuredmedia":[{"embeddable":true,"href":"https:\/\/capocollodimartinafranca.it\/en\/wp-json\/wp\/v2\/media\/945"}],"wp:attachment":[{"href":"https:\/\/capocollodimartinafranca.it\/en\/wp-json\/wp\/v2\/media?parent=944"}],"wp:term":[{"taxonomy":"product_brand","embeddable":true,"href":"https:\/\/capocollodimartinafranca.it\/en\/wp-json\/wp\/v2\/product_brand?post=944"},{"taxonomy":"product_cat","embeddable":true,"href":"https:\/\/capocollodimartinafranca.it\/en\/wp-json\/wp\/v2\/product_cat?post=944"},{"taxonomy":"product_tag","embeddable":true,"href":"https:\/\/capocollodimartinafranca.it\/en\/wp-json\/wp\/v2\/product_tag?post=944"}],"curies":[{"name":"wp","href":"https:\/\/api.w.org\/{rel}","templated":true}]}}