{"id":940,"date":"2021-11-03T12:02:38","date_gmt":"2021-11-03T12:02:38","guid":{"rendered":"https:\/\/salumicervellera.it\/?product=tarallini-alle-olive"},"modified":"2024-09-03T16:54:41","modified_gmt":"2024-09-03T14:54:41","slug":"tarallini-alle-olive","status":"publish","type":"product","link":"https:\/\/capocollodimartinafranca.it\/en\/negozio\/prodotti-tipici\/tarallini-alle-olive\/","title":{"rendered":"Olives Taralli"},"content":{"rendered":"<p>Pezzatura: 240 g<\/p>\n<p>&nbsp;<\/p>\n<p>Tarallini are prepared with a dough made from selected wheat flours, white wine and the best extra virgin olive oil.<\/p>\n<p>&nbsp;<\/p>\n<p>This typical Apulian product is made original thanks to its friability and olive flavour that makes it pleasing to the most demanding palates.<\/p>\n<p>Rigorosamente prodotti a mano come da antiche tradizioni.<\/p>\n<p><strong>Ingredients:<\/strong>\u00a0farina di GRANO tenero\u00a0 tipo &#8220;00&#8221;, VINO bianco, olive celline denocciolate (8%), olio di semi di girasole alto-oleico, olio di oliva, olio extravergine di oliva, sale, aroma naturale.<\/p>\n<p>Prodotto in ambiente che utilizza SEMI DI SESAMO. (Senza aggiunta di coloranti e conservanti).<br \/>\n<strong>ALLERGENI:<\/strong> Contiene CEREALI, GLUTINE e SOLFITI derivanti dal vino.<\/p>","protected":false},"excerpt":{"rendered":"<p>Pezzatura: 240 g &nbsp; I tarallini sono preparati con un impasto a base di farine di grano selezionato, vino bianco, miglior olio extra vergine di oliva. &nbsp; Questo prodotto tipico pugliese \u00e8 reso originale grazie alla sua friabilit\u00e0 e al gusto alle olive che lo rende gradevole ai pi\u00f9 esigenti palati. Rigorosamente prodotti a mano [&hellip;]<\/p>","protected":false},"featured_media":941,"template":"","meta":{"_acf_changed":false},"product_brand":[62],"product_cat":[66],"product_tag":[],"class_list":{"0":"post-940","1":"product","2":"type-product","3":"status-publish","4":"has-post-thumbnail","6":"product_brand-cervellera","7":"product_cat-prodotti-tipici","9":"first","10":"instock","11":"shipping-taxable","12":"purchasable","13":"product-type-simple"},"acf":[],"_links":{"self":[{"href":"https:\/\/capocollodimartinafranca.it\/en\/wp-json\/wp\/v2\/product\/940","targetHints":{"allow":["GET"]}}],"collection":[{"href":"https:\/\/capocollodimartinafranca.it\/en\/wp-json\/wp\/v2\/product"}],"about":[{"href":"https:\/\/capocollodimartinafranca.it\/en\/wp-json\/wp\/v2\/types\/product"}],"wp:featuredmedia":[{"embeddable":true,"href":"https:\/\/capocollodimartinafranca.it\/en\/wp-json\/wp\/v2\/media\/941"}],"wp:attachment":[{"href":"https:\/\/capocollodimartinafranca.it\/en\/wp-json\/wp\/v2\/media?parent=940"}],"wp:term":[{"taxonomy":"product_brand","embeddable":true,"href":"https:\/\/capocollodimartinafranca.it\/en\/wp-json\/wp\/v2\/product_brand?post=940"},{"taxonomy":"product_cat","embeddable":true,"href":"https:\/\/capocollodimartinafranca.it\/en\/wp-json\/wp\/v2\/product_cat?post=940"},{"taxonomy":"product_tag","embeddable":true,"href":"https:\/\/capocollodimartinafranca.it\/en\/wp-json\/wp\/v2\/product_tag?post=940"}],"curies":[{"name":"wp","href":"https:\/\/api.w.org\/{rel}","templated":true}]}}