{"id":649,"date":"2024-05-29T17:50:00","date_gmt":"2024-05-29T15:50:00","guid":{"rendered":"https:\/\/salumicervellera.it\/?page_id=649"},"modified":"2024-07-22T16:10:45","modified_gmt":"2024-07-22T14:10:45","slug":"privacy-policy","status":"publish","type":"page","link":"https:\/\/capocollodimartinafranca.it\/en\/privacy-policy\/","title":{"rendered":"Privacy Policy"},"content":{"rendered":"<div data-elementor-type=\"wp-page\" data-elementor-id=\"649\" class=\"elementor elementor-649\" data-elementor-post-type=\"page\">\n\t\t\t\t<div class=\"elementor-element elementor-element-78733b25 e-flex e-con-boxed e-con e-parent\" data-id=\"78733b25\" data-element_type=\"container\">\n\t\t\t\t\t<div class=\"e-con-inner\">\n\t\t\t\t<div class=\"elementor-element elementor-element-e5270d3 elementor-widget-divider--view-line_text elementor-widget-divider--element-align-left elementor-widget elementor-widget-divider\" data-id=\"e5270d3\" data-element_type=\"widget\" data-widget_type=\"divider.default\">\n\t\t\t\t<div class=\"elementor-widget-container\">\n\t\t\t\t\t\t\t<div class=\"elementor-divider\">\n\t\t\t<span class=\"elementor-divider-separator\">\n\t\t\t\t\t\t\t<h3 class=\"elementor-divider__text elementor-divider__element\">\n\t\t\t\tPrivacy Policy\t\t\t\t<\/h3>\n\t\t\t\t\t\t<\/span>\n\t\t<\/div>\n\t\t\t\t\t\t<\/div>\n\t\t\t\t<\/div>\n\t\t\t\t<div class=\"elementor-element elementor-element-3bf6dfe elementor-widget elementor-widget-text-editor\" data-id=\"3bf6dfe\" data-element_type=\"widget\" data-widget_type=\"text-editor.default\">\n\t\t\t\t<div class=\"elementor-widget-container\">\n\t\t\t\t\t\t\t\t\t<p>Trattamento dei dati personali: informativa ai sensi degli articoli 13 e 14 del Regolamento UE 2016\/679 (Regolamento in materia di protezione dei dati personali)<\/p><p>Con il presente documento (l\u2019\u201cInformativa\u201d), il Titolare del trattamento, come di seguito definito, desidera informarLa sulle finalit\u00e0 e modalit\u00e0 del trattamento dei Suoi dati personali e sui diritti che il Regolamento (UE) 2016\/679, relativo alla protezione delle persone fisiche con riguardo al trattamento dei dati personali, nonch\u00e9 alla libera circolazione di tali dati (\u201cGDPR\u201d), Le riconosce. La presente Informativa potr\u00e0 essere integrata dal Titolare ove eventuali servizi aggiuntivi da Lei richiesti dovessero comportare ulteriori trattamenti.<\/p><p>Chi \u00e8 il Titolare del trattamento<\/p><p>Il Titolare del trattamento \u00e8 Capocollo di Martina S.r.l. (anche \u201cSociet\u00e0\u201d o il \u201cTitolare\u201d), con sede in Via Mottola, 68 74015 Martina Franca (TA).<\/p><p>Per l\u2019esercizio dei Suoi diritti, nonch\u00e9 per ricevere qualsiasi informazione relativa agli stessi e\/o alla presente Informativa, pu\u00f2 scrivere a:<\/p><p>Capocollo di Martina S.r.l., con sede in Via Mottola, 68 74015 Martina Franca (TA);<\/p><p>inviando una e-mail all\u2019indirizzo info@capocollodimartinafranca.it;<\/p><p>Il Titolare provveder\u00e0 a prendere carico della Sua richiesta e a fornirle, senza ingiustificato ritardo le informazioni relative all\u2019azione intrapresa riguardo alla sua richiesta.<\/p><p>La informiamo che qualora il Titolare nutra dubbi circa l\u2019identit\u00e0 della persona che presenta la richiesta, potr\u00e0 richiedere ulteriori informazioni necessarie a confermare l\u2019identit\u00e0.<\/p><p><strong>Quali dati personali trattiamo<\/strong><\/p><p>2.1. Dati personali<\/p><p>Per le finalit\u00e0 indicate nella presente Informativa, il Titolare pu\u00f2 trattare i dati personali comuni, che sono, ad esempio, dati anagrafici (nome, cognome, indirizzo, numero di telefono, e-mail ed altri recapiti, un numero di identificazione, un identificativo online) e dati economici (i.e. dati relativi alle operazioni\/prestazioni poste in essere nel corso del rapporto contrattuale con il Titolare).<\/p><p>In assenza di tali dati personali, la Societ\u00e0 non potr\u00e0 eseguire le operazioni e gestire i rapporti che richiedono il trattamento dei Suoi dati personali.<\/p><p>2.2. Categorie particolari di dati personali<\/p><p>Pu\u00f2 accadere che la Societ\u00e0 venga a trattare categorie particolari di dati, come dati idonei a rivelare l\u2019origine razziale ed etnica, le convinzioni religiose, filosofiche o di altro genere, le opinioni politiche, l\u2019adesione a partiti, sindacati, associazioni od organizzazioni a carattere religioso, filosofico, politico o sindacale, nonch\u00e9 i dati personali idonei a rilevare lo stato di salute e la vita sessuale.<\/p><p>In particolare, la Societ\u00e0 tratter\u00e0 categorie particolari di Suoi dati personali in due ipotesi:<\/p><p>a) indirettamente ed eventualmente, per adempiere Sue specifiche richieste, la cui soddisfazione imponga il trattamento di categorie particolari di dati personali. In tali casi, la Sua specifica richiesta sar\u00e0 considerata quale consenso espliciti al trattamento di categorie particolari di dati personali al solo fine di svolgere le attivit\u00e0 richieste;<\/p><p>b) direttamente, qualora ci\u00f2 sia necessario per la gestione del rapporto contrattuale in alcune specifiche ipotesi in cui la Societ\u00e0 \u00e8 tenuta ad osservare determinate procedure per verificare situazioni che coinvolgono particolari categorie di dati del cliente (Per tali trattamenti la Societ\u00e0 Le richiede uno specifico consenso (si veda il successivo punto 3.1 della presente Informativa).<\/p><p>2.3 Fonte dei dati personali. I Suoi dati personali trattati dalla Societ\u00e0 sono quelli forniti direttamente da Lei al Titolare o raccolti presso terzi come, ad esempio, nell\u2019ipotesi in cui il Titolare acquisisca dati da societ\u00e0 esterne a fini di informazioni commerciali, ricerche di mercato, offerte dirette di prodotti o servizi. La presente Informativa copre anche i trattamenti dei Suoi dati personali acquisiti da terzi.<\/p><p>Quali sono le finalit\u00e0 del trattamento<\/p><p>Esecuzione dei contratti e adempimenti normativi<\/p><p>Il trattamento dei Suoi dati personali \u00e8 necessario per l\u2019acquisizione di informazioni preliminari alla conclusione dei contratti che stipuler\u00e0 con la Societ\u00e0 e per la successiva gestione ed esecuzione, anche mediate mezzi di comunicazione a distanza, dell\u2019incarico concluso con la Societ\u00e0, per l\u2019adempimento di obblighi previsti da leggi (ad es. la normativa Antiriciclaggio, la normativa fiscale), da regolamenti e\/o normative comunitarie, oppure da organi di vigilanza e controllo o da altre autorit\u00e0 a ci\u00f2 legittimate.<\/p><p>In linea con quanto previsto al precedente punto 2.2., tale finalit\u00e0 di trattamento potrebbe avere ad oggetto anche speciali categorie di dati personali.<\/p><p>3.2 Attivit\u00e0 di marketing<\/p><p>La Societ\u00e0 potr\u00e0 inviarLe comunicazioni commerciali di prodotti e servizi della Societ\u00e0, nonch\u00e9 procedere alla vendita diretta e al compimento di indagini o ricerche di mercato (incluse rilevazioni sulla qualit\u00e0 dei servizi). La Societ\u00e0 impiegher\u00e0 modalit\u00e0 automatizzate di contatto (quali, ad esempio, posta elettronica, telefax, SMS, MMS, messaggistica istantanea, social network, app, sistemi automatizzati di chiamata senza l\u2019intervento di un operatore, ecc.) e\/o modalit\u00e0 tradizionali (quali, ad esempio, telefonate con operatore e posta cartacea).<\/p><p>In ogni caso, la Societ\u00e0 si riserva la facolt\u00e0 di trattare l\u2019indirizzo di posta elettronica e\/o certificata da Lei fornito a fini di vendita diretta di prodotti o servizi della Societ\u00e0, nel contesto della vendita di prodotti o di servizi analoghi a quelli da Lei gi\u00e0 acquistati.<\/p><p>Diritto di opporsi alle attivit\u00e0 di marketing diretto<\/p><p>La informiamo che, in qualsiasi momento, Lei ha il diritto di opporsi alle attivit\u00e0 di marketing diretto, compresa la profilazione connessa a tale marketing diretto contattando il Titolare a uno dei contatti indicati al punto 1 della presente Informativa.<\/p><p>3.3 Attivit\u00e0 di profilazione<\/p><p>La Societ\u00e0 potr\u00e0 anche elaborare i Suoi dati personali per definire il Suo profilo, attraverso l\u2019analisi dell\u2019utilizzo dei prodotti\/servizi da Lei scelti, nonch\u00e9 le Sue preferenze, al fine di formulare offerte di prodotti o servizi di Suo possibile interesse e inviarLe comunicazioni di marketing personalizzate.<\/p><p>Diritto di opporsi alla profilazione connessa al marketing diretto<\/p><p>La informiamo che, in qualsiasi momento, Lei ha il diritto di opporsi alla profilazione connessa alle attivit\u00e0 di marketing diretto contattando il Titolare a uno dei contatti indicati al punto 1 della presente Informativa.<\/p><p>Con quali modalit\u00e0 saranno trattati i Suoi dati personali<\/p><p>Il trattamento dei Suoi dati personali avverr\u00e0, nel rispetto delle disposizioni previste dal GDPR, mediante strumenti cartacei, informatici e telefonici, con logiche strettamente correlate alle finalit\u00e0 indicate e, comunque, con modalit\u00e0 idonee a garantirne la sicurezza e la riservatezza in conformit\u00e0 alle disposizioni previste dall\u2019articolo 32 GDPR.<\/p><p>A quali soggetti potranno essere comunicati i Suoi dati personali e chi pu\u00f2 venirne a conoscenza<\/p><p>Per il perseguimento delle finalit\u00e0 descritte al precedente punto 3, i Suoi dati personali saranno conosciuti dai dipendenti, dal personale assimilato, dai collaboratori, dai consulenti finanziari e dagli agenti della Societ\u00e0 che opereranno in qualit\u00e0 di incaricati e\/o responsabili del trattamento.<\/p><p>Il Titolare, inoltre, pu\u00f2 avere la necessit\u00e0 di comunicare i Suoi dati personali a soggetti terzi aventi sede anche al di fuori dell\u2019Unione Europea, nel rispetto dei presupposti normativi che lo consentono) appartenenti, a titolo esemplificativo, alle seguenti categorie:<\/p><p>soggetti che forniscono servizi per la gestione del sistema informatico della Societ\u00e0;<\/p><p>soggetti che gestiscono il recupero crediti o forniscono prestazioni professionali di consulenza e assistenza fiscale, legale e giudiziale;<\/p><p>soggetti che curano la revisione contabile e la certificazione del bilancio;<\/p><p>autorit\u00e0 e organi di vigilanza e controllo e in generale soggetti, pubblici o privati, con funzioni di tipo pubblicistico;<\/p><p>societ\u00e0 di marketing e aziende di ricerche di mercato.<\/p><p>I Suoi dati personali saranno trasferiti all\u2019esterno dell\u2019Unione europea soltanto ai soggetti indicati al punto precedente ed esclusivamente in presenza di una decisione di adeguatezza della Commissione europea o di altre garanzie adeguate previste dal GDPR (fra cui le norme vincolanti d\u2019impresa, e le clausole tipo di protezione).<\/p><p>I dati personali trattati dalla Societ\u00e0 non sono oggetto di diffusione.<\/p><p>Quali diritti Lei ha in qualit\u00e0 di interessato<\/p><p>In relazione ai trattamenti descritti nella presente Informativa, in qualit\u00e0 di interessato Lei potr\u00e0, alle condizioni previste dal GDPR, esercitare i diritti sanciti dagli articoli da 15 a 21 del GDPR e, in particolare, i seguenti diritti:<\/p><p>diritto di accesso: diritto di ottenere conferma che sia o meno in corso un trattamento di dati personali che La riguardano e, in tal caso, ottenere l\u2019accesso ai Suoi dati personali \u2013 compresa una copia degli stessi \u2013 e la comunicazione, tra le altre, delle seguenti informazioni:<\/p><p>finalit\u00e0 del trattamento;<\/p><p>categorie di dati personali trattati;<\/p><p>destinatari cui questi sono stati o saranno comunicati;<\/p><p>periodo di conservazione dei dati o i criteri utilizzati;diritti dell\u2019interessato (rettifica, cancellazione dei dati personali, limitazione del trattamento e diritto di opposizione al trattamento;<\/p><p>diritto di proporre un reclamo<\/p><p>diritto di ricevere informazioni sulla origine dei miei dati personali qualora essi non siano stati raccolti presso l\u2019interessato;<\/p><p>l\u2019esistenza di un processo decisionale automatizzato, compresa la profilazione;<\/p><p>diritto di rettifica: diritto di ottenere la rettifica dei dati personali inesatti che La riguardano e\/o l\u2019integrazione dei dati personali incompleti;<\/p><p>diritto alla cancellazione (diritto all\u2019oblio): diritto di ottenere la cancellazione dei dati personali che La riguardano, quando:<\/p><p>i dati non sono pi\u00f9 necessari rispetto alle finalit\u00e0 per cui sono stati raccolti o altrimenti trattati;<\/p><p>Lei ha revocato il Suo consenso e non sussiste alcun altro fondamento giuridico per il trattamento;<\/p><p>Lei si \u00e8 opposto con successo al trattamento dei dati personali;<\/p><p>i dati sono stati trattati illecitamente,<\/p><p>i dati devono essere cancellati per adempiere un obbligo legale;<\/p><p>i dati personali sono stati raccolti relativamente all\u2019offerta di servizi della societ\u00e0 dell\u2019informazione di cui all\u2019articolo 8, paragrafo 1, GDPR.<\/p><p>Il diritto alla cancellazione non si applica nella misura in cui il trattamento sia necessario per l\u2019adempimento di un obbligo legale o per l\u2019esecuzione di un compito svolto nel pubblico interesse o per l\u2019accertamento, l\u2019esercizio o la difesa di un diritto in sede giudiziaria;<\/p><p>diritto di limitazione di trattamento: diritto di ottenere la limitazione del trattamento, quando:<\/p><p>l\u2019interessato contesta l\u2019esattezza dei dati personali;<\/p><p>il trattamento \u00e8 illecito e l\u2019interessato si oppone alla cancellazione dei dati personali e chiede invece che ne sia limitato l\u2019utilizzo;<\/p><p>i dati personali sono necessari all\u2019interessato per l\u2019accertamento, l\u2019esercizio o la difesa di un diritto in sede giudiziaria;<\/p><p>diritto alla portabilit\u00e0 dei dati: diritto di ricevere, in un formato strutturato, di uso comune e leggibile da un dispositivo automatico, i dati personali che La riguardano forniti al Titolare e il diritto di trasmetterli a un altro titolare senza impedimenti, qualora il trattamento si basi sul consenso e sia effettuato con mezzi automatizzati. Inoltre, il diritto di ottenere che i Suoi dati personali siano trasmessi direttamente dalla Societ\u00e0 ad altro titolare qualora ci\u00f2 sia tecnicamente fattibile;<\/p><p>diritto di opposizione: diritto di opporsi, in qualsiasi momento, al trattamento dei dati personali che La riguardano basati sulla condizione di legittimit\u00e0 del legittimo interesse, compresa la profilazione, salvo che sussistano motivi legittimi per il Titolare di continuare il trattamento che prevalgono sugli interessi, sui diritti e sulle libert\u00e0 dell\u2019interessato oppure per l\u2019accertamento, l\u2019esercizio o la difesa di un diritto in sede giudiziaria.<\/p><p>Inoltre, il diritto di opporsi in qualsiasi momento al trattamento qualora i dati personali siano trattati per finalit\u00e0 di marketing diretto, compresa la profilazione, nella misura in cui sia connessa a tale marketing diretto.<\/p><p>Con particolare riguardo al trattamento di Suoi dati personali ai fini di invio di materiale pubblicitario o di vendita diretta o per il compimento di ricerche di mercato o di comunicazione commerciale, Lei pu\u00f2 opporsi anche solo all\u2019uso di modalit\u00e0 automatizzate di comunicazione (quali, posta elettronica, telefax, SMS, MMS, messaggistica istantanea, utilizzo di social network, app, sistemi automatizzati di chiamata senza l\u2019intervento di un operatore);<\/p><p>proporre reclamo all\u2019Autorit\u00e0 Garante per la protezione dei dati personali, Piazza di Montecitorio n. 121, 00186, Roma (RM).<\/p><p>I diritti di cui sopra potranno essere esercitati, nei confronti del Titolare, contattando i riferimenti indicati nel precedente punto 1.<\/p><p>L\u2019esercizio dei Suoi diritti in qualit\u00e0 di interessato \u00e8 gratuito ai sensi dell\u2019articolo 12 GDPR. Tuttavia, nel caso di richieste manifestamente infondate o eccessive, anche per la loro ripetitivit\u00e0, il Titolare potrebbe addebitarle un contributo spese ragionevole, alla luce dei costi amministrativi sostenuti per gestire la Sua richiesta, o negare la soddisfazione della sua richiesta.<\/p>\t\t\t\t\t\t\t\t<\/div>\n\t\t\t\t<\/div>\n\t\t\t\t\t<\/div>\n\t\t\t\t<\/div>\n\t\t\t\t<\/div>","protected":false},"excerpt":{"rendered":"<p>Privacy Policy Trattamento dei dati personali: informativa ai sensi degli articoli 13 e 14 del Regolamento UE 2016\/679 (Regolamento in materia di protezione dei dati personali) Con il presente documento (l\u2019\u201cInformativa\u201d), il Titolare del trattamento, come di seguito definito, desidera informarLa sulle finalit\u00e0 e modalit\u00e0 del trattamento dei Suoi dati personali e sui diritti che [&hellip;]<\/p>","protected":false},"author":1,"featured_media":0,"parent":0,"menu_order":0,"comment_status":"closed","ping_status":"closed","template":"","meta":{"_acf_changed":false,"footnotes":""},"class_list":["post-649","page","type-page","status-publish","hentry"],"acf":[],"_links":{"self":[{"href":"https:\/\/capocollodimartinafranca.it\/en\/wp-json\/wp\/v2\/pages\/649","targetHints":{"allow":["GET"]}}],"collection":[{"href":"https:\/\/capocollodimartinafranca.it\/en\/wp-json\/wp\/v2\/pages"}],"about":[{"href":"https:\/\/capocollodimartinafranca.it\/en\/wp-json\/wp\/v2\/types\/page"}],"author":[{"embeddable":true,"href":"https:\/\/capocollodimartinafranca.it\/en\/wp-json\/wp\/v2\/users\/1"}],"replies":[{"embeddable":true,"href":"https:\/\/capocollodimartinafranca.it\/en\/wp-json\/wp\/v2\/comments?post=649"}],"version-history":[{"count":7,"href":"https:\/\/capocollodimartinafranca.it\/en\/wp-json\/wp\/v2\/pages\/649\/revisions"}],"predecessor-version":[{"id":674,"href":"https:\/\/capocollodimartinafranca.it\/en\/wp-json\/wp\/v2\/pages\/649\/revisions\/674"}],"wp:attachment":[{"href":"https:\/\/capocollodimartinafranca.it\/en\/wp-json\/wp\/v2\/media?parent=649"}],"curies":[{"name":"wp","href":"https:\/\/api.w.org\/{rel}","templated":true}]}}