{"id":644,"date":"2024-05-29T17:45:34","date_gmt":"2024-05-29T15:45:34","guid":{"rendered":"https:\/\/salumicervellera.it\/?page_id=644"},"modified":"2025-10-08T10:17:59","modified_gmt":"2025-10-08T08:17:59","slug":"termini-e-condizioni","status":"publish","type":"page","link":"https:\/\/capocollodimartinafranca.it\/en\/termini-e-condizioni\/","title":{"rendered":"Termini e Condizioni"},"content":{"rendered":"<div data-elementor-type=\"wp-page\" data-elementor-id=\"644\" class=\"elementor elementor-644\" data-elementor-post-type=\"page\">\n\t\t\t\t<div class=\"elementor-element elementor-element-78733b25 e-flex e-con-boxed e-con e-parent\" data-id=\"78733b25\" data-element_type=\"container\">\n\t\t\t\t\t<div class=\"e-con-inner\">\n\t\t\t\t<div class=\"elementor-element elementor-element-e5270d3 elementor-widget-divider--view-line_text elementor-widget-divider--element-align-left elementor-widget elementor-widget-divider\" data-id=\"e5270d3\" data-element_type=\"widget\" data-widget_type=\"divider.default\">\n\t\t\t\t<div class=\"elementor-widget-container\">\n\t\t\t\t\t\t\t<div class=\"elementor-divider\">\n\t\t\t<span class=\"elementor-divider-separator\">\n\t\t\t\t\t\t\t<h3 class=\"elementor-divider__text elementor-divider__element\">\n\t\t\t\tTerms and conditions\t\t\t\t<\/h3>\n\t\t\t\t\t\t<\/span>\n\t\t<\/div>\n\t\t\t\t\t\t<\/div>\n\t\t\t\t<\/div>\n\t\t\t\t<div class=\"elementor-element elementor-element-3bf6dfe elementor-widget elementor-widget-text-editor\" data-id=\"3bf6dfe\" data-element_type=\"widget\" data-widget_type=\"text-editor.default\">\n\t\t\t\t<div class=\"elementor-widget-container\">\n\t\t\t\t\t\t\t\t\t<p>NOME Capocollo di Martina S.r.l.<br \/>INDIRIZZO SEDE LEGALE Via Mottola, 68 74015 Martina Franca (TA)<br \/>TELEFONO +390804838812<br \/>E-MAIL info@capocollodimartinafranca.it<br \/>P.IVA\/C.F. 02960620736<br \/>NUMERO ISCRIZIONE REGISTRO IMPRESE E RELATIVO UFFICIO DI ISCRIZIONE TA-00000<\/p><p><strong>DEFINIZIONI<\/strong><\/p><p>I termini e le locuzioni di seguito elencate hanno il significato indicato, restando inteso che i termini definiti al singolare si intendono definiti anche al plurale e viceversa.<\/p><p>Cliente: significa qualsiasi soggetto che acquista uno o pi\u00f9 Prodotti\/Servizi offerti attraverso il Negozio On Line accettando le presenti Condizioni Generali.<br \/>Parti: significa congiuntamente Capocollo di Martina S.r.l. e i Clienti.<br \/>Condizioni Generali di Vendita: significa le presenti Condizioni Generali e le eventuali future nuove versioni che potranno essere pubblicate nel Negozio On Line da Capocollo di Martina S.r.l..<br \/>Negozio on line: significa il negozio virtuale, gestito da Capocollo di Martina S.r.l. e accessibile tramite l\u2019URL www.capocollodimartinafranca.it attraverso il quale \u00e8 possibile acquistare i Prodotti\/Servizi.<br \/>Contratti: significa i contratti conclusi tra Capocollo di Martina S.r.l. e i Clienti attraverso il Negozio On Line.<br \/>Ordini: significa gli ordini di acquisto dei Prodotti e\/o della fornitura del Servizio inviati dai Clienti, in conformit\u00e0 alle presenti Condizioni Generali di Vendita.<br \/>Prezzo: significa il prezzo dei Prodotti e\/o della fornitura del Servizio come indicato nel Negozio On Line in corrispondenza dei Prodotti\/Servizi medesimi.<br \/>Consumatore: secondo la relativa definizione di cui all\u2019art. 3 D. Lgs. n.206\/2005 (Codice del Consumo) \u00e8 la persona fisica che agisce per scopi estranei all\u2019attivit\u00e0 imprenditoriale, commerciale, artigianale o professionale eventualmente svolta.<br \/>Servizio: significa il servizio offerto nel Negozio On Line.<br \/>Prodotto: significa il bene offerto nel Negozio On Line.<br \/>Spese di spedizione: significa l\u2019importo dovuto per la consegna del prodotto.<\/p><p><strong>1. OGGETTO<\/strong><\/p><p>1.1. Le Condizioni Generali di Vendita disciplinano tutti i Contratti conclusi tra le parti e ne costituiscono parte integrante.<br \/>1.2. Le Condizioni Generali di Vendita di contratto sono modificate di volta in volta anche in considerazione di eventuali mutamenti normativi. Le nuove Condizioni Generali di Vendita saranno efficaci dalla data di pubblicazione sul Negozio On Line.<\/p><p><strong>2. PREZZO<\/strong><\/p><p>2.1. Il Prezzo \u00e8 espresso in \u20ac (Euro). Il Prezzo applicabile \u00e8 quello pubblicato nel Negozio On Line al momento dell\u2019invio degli Ordini da parte dei Clienti.<br \/>2.2. Il Prezzo esposto \u00e8 comprensivo dell\u2019imposta valore aggiunto (I.V.A.) prevista per la tipologia del bene.<\/p><p><strong>3. IL CARRELLO<\/strong><\/p><p>3.1. Il carrello consente di verificare immediatamente i prodotti inseriti, con il loro costo unitario I.V.A. inclusa. Si potranno decidere le quantit\u00e0 da acquistare per ogni tipo di prodotto scelto oppure eliminare dal carrello uno o pi\u00f9 prodotti che si \u00e8 deciso di non voler pi\u00f9 acquistare. Una serie di pulsanti permettono di:<br \/>* aggiornare il carrello dopo aver effettuato cancellazioni o modifiche di quantit\u00e0;<br \/>* eliminare singolarmente i prodotti\/Servizi contenuti;<br \/>* tornare alla home page.<br \/>3.2. Una volta riempito il carrello con i prodotti desiderati, \u00e8 possibile eseguire l\u2019effettivo acquisto e la scelta della forma di pagamento.\u00a0<\/p><p><strong>4. CONCLUSIONE DEI CONTRATTI<\/strong><br \/>Il contratto si perfezioner\u00e0 attraverso le seguenti fasi:<\/p><p>4.1. Con l\u2019invio dell\u2019Ordine il Cliente trasmetter\u00e0 a Capocollo di Martina S.r.l. una proposta di acquisto del prodotto o dei prodotti selezionati.<br \/>4.2. I Contratti si intendono conclusi tra le Parti nel momento in cui i Clienti ricevono la Conferma d\u2019Ordine con l\u2019assegnazione del numero d\u2019ordine. La Conferma d\u2019Ordine contiene un riepilogo delle Condizioni Generali di Vendita, l\u2019informativa sul diritto di recesso, le informazioni relative alle caratteristiche essenziali del prodotto e l\u2019indicazione dettagliata del prezzo, dei mezzi di pagamento e dei costi di consegna con indicazione orientativa dei tempi di consegna.<br \/>4.3. Con l\u2019invio degli Ordini i Clienti dichiarano di avere preso visione di tutte le istruzioni inerenti alla modalit\u00e0 di acquisto del prodotto e di aver accettato integralmente le Condizioni Generali nonch\u00e9 di aver preso visione di tutte le ulteriori informazioni contenute sul Negozio On Line, anche richiamate tramite link.<br \/>4.4. Capocollo di Martina S.r.l. si riserva la facolt\u00e0 di non dar corso agli ordini d\u2019acquisto che non diano sufficienti garanzie di solvibilit\u00e0 o che risultino incompleti o non corretti ovvero in caso di indisponibilit\u00e0 dei prodotti.<br \/>4.5. Resta inteso che l\u2019immagine a corredo della scheda descrittiva di un prodotto pu\u00f2 non essere perfettamente rappresentativa delle sue caratteristiche ma differire per tonalit\u00e0 di colore, dimensioni, prodotti accessori presenti in figura. La presentazione di ciascun prodotto contenuta nel sito \u00e8 meramente esemplificativa e non costituisce attestazione o garanzia da parte di sulle effettive caratteristiche e prestazioni della merce venduta.<br \/>4.6. Le parti, in tutte le fasi della formazione e della conclusione del contratto, devono comportarsi secondo i principi generali di correttezza e buona fede sanciti dagli artt. 1175, 1337 e 1375 del Codice Civile.<\/p><p><strong>5. MODALIT\u00c0 DI PAGAMENTO<\/strong><br \/>Capocollo di Martina S.r.l. consente ai Clienti diverse modalit\u00e0 di pagamento di seguito elencate:<\/p><p>5.1. PAYPAL. Per i pagamenti on line Capocollo di Martina S.r.l. si avvale anche del sistema PAYPAL. Una volta scelta questa modalit\u00e0 di pagamento il Cliente verr\u00e0 indirizzato verso il server sicuro di Paypal alle cui condizioni generali di contratto dovr\u00e0 attenersi. In nessun caso Capocollo di Martina S.r.l. potr\u00e0 quindi essere ritenuta responsabile per qualsiasi danno derivante al Cliente dall\u2019utilizzazione dei servizi proposti da Paypal.<br \/>5.2. Carta di credito. I circuiti accettati per pagamenti sul sito sono quelli inclusi da PayPal.<\/p><p><strong>6. CONSEGNA DEI PRODOTTI<\/strong><\/p><p>6.1. I Prodotti sono consegnati all\u2019indirizzo indicato dai Clienti.<br \/>6.2. I Clienti, o altri soggetti incaricati dai Clienti che si trovino all\u2019indirizzo indicato per la consegna dei Prodotti nella Conferma d\u2019Ordine, sono tenuti a verificare, al momento della consegna, che l\u2019imballaggio\/ confezione dei Prodotti sia integra, non danneggiata o comunque alterata.<br \/>6.3. Qualsiasi danno all\u2019imballaggio\/confezione dei Prodotti deve essere immediatamente contestato dai Clienti mediante l\u2019apposizione di una riserva di controllo scritta sulla prova di avvenuta consegna.<br \/>6.4. Nel caso in cui il vettore sia stato scelto dal Cliente al di fuori di quelli proposti in fase di acquisto, il rischio del danneggiamento e del perimento dei Prodotti si trasferisce al Cliente gi\u00e0 nel momento di consegna al vettore stesso, precludendo qualsiasi contestazione riguardo alle caratteristiche esteriori di quanto consegnato. In questo ultimo caso, ogni contestazione dovr\u00e0 essere mossa direttamente dal Cliente nei confronti del vettore.<\/p><p><strong>7. GARANZIA LEGALE DI CONFORMIT\u00c0<\/strong><\/p><p>Tutti i prodotti commercializzati godono della garanzia legale di conformit\u00e0 prevista dagli articoli 128 e ss. del Codice del Consumo che copre eventuali difetti di conformit\u00e0 degli articoli acquistati, esistenti al momento della consegna e che si manifestino entro 2 anni dalla consegna stessa. Sono esclusi dai difetti di conformit\u00e0 e, dunque, dalla garanzia legale eventuali vizi o danneggiamenti determinati da fatti accidentali o da responsabilit\u00e0 del Cliente per uso dei prodotti non conforme alla relativa destinazione d\u2019uso ovvero effetto di normale usura. Per beneficiare di tale garanzia, il Cliente deve denunciare il difetto di conformit\u00e0 entro due mesi dalla scoperta, a pena di decadenza con comunicazione indirizzata alla sede di Capocollo di Martina S.r.l., indicando accuratamente i difetti ed i vizi riscontrati.<\/p><p>Il Cliente pu\u00f2 chiedere, a sua scelta, al venditore di riparare il bene o di sostituirlo, senza spese in entrambi i casi, salvo che il rimedio richiesto sia oggettivamente impossibile o eccessivamente oneroso rispetto all\u2019altro. Il Cliente pu\u00f2 richiedere, a sua scelta, una congrua riduzione del prezzo o la risoluzione del contratto ove: la riparazione e la sostituzione sono impossibili o eccessivamente onerose; il venditore non ha provveduto alla riparazione o alla sostituzione del bene entro il termine congruo come previsto dal comma 5 Art.130 Codice del Consumo; la sostituzione o la riparazione precedentemente effettuata ha arrecato notevoli inconvenienti al consumatore.<\/p><p><strong>8. SPESE DI SPEDIZIONE<\/strong><br \/>Le spese di spedizione saranno calcolate in automatico e saranno indicate, separatamente rispetto al Prezzo del Prodotto, prima dell\u2019invio dell\u2019Ordine da parte dei Clienti.<\/p><p><strong>9. DIRITTO DI RECESSO E SUE ESCLUSIONI<\/strong><\/p><p>9.1. I Clienti \u201cConsumatori\u201d secondo la relativa definizione di cui all\u2019art. 3 D. Lgs. n. 206\/2005 &#8211; ossia una persona fisica che agisce per scopi estranei all\u2019attivit\u00e0 imprenditoriale, commerciale, artigianale o professionale eventualmente svolta &#8211; hanno diritto, ai sensi e per gli effetti di cui all\u2019art. 52 del D. Lgs. n. 206\/2005 come modificato dal D.Lgs. 21\/2014 di recedere dal Contratto senza dover fornire alcuna motivazione entro 14 giorni dal ricevimento dei Prodotti.<br \/>9.2. Sono quindi esclusi da tale diritto i Clienti che non possano definirsi consumatori ai sensi dell\u2019indicata definizione ed in particolare persone fisiche o giuridiche che agiscano per scopi connessi alla propria attivit\u00e0 imprenditoriale, commerciale, artigianale o professionale.<br \/>9.3. Il Diritto di recesso pu\u00f2 essere esercitato dal Cliente Consumatore con una qualsiasi dichiarazione esplicita della decisione di recedere dal contratto, ad esempio pu\u00f2 inviare comunicazione a mezzo mail all\u2019indirizzo\u00a0<a href=\"mailto:info@capocollodimartinafranca.it\">info@capocollodimartinafranca.it<\/a>\u00a0. Il diritto di recesso pu\u00f2 essere esercitato anche utilizzando il modulo di recesso disponibile al seguente\u00a0<a href=\"https:\/\/www.capocollodimartinafranca.it\/index.php?route=account\/return\/add\">https:\/\/www.capocollodimartinafranca.it\/index.php?route=account\/return\/add<\/a>, ma non \u00e8 obbligatorio.<br \/>9.4. Il Cliente dovr\u00e0 restituire i prodotti a Capocollo di Martina S.r.l. entro 14 giorni dalla data in cui ha inviato la comunicazione di recesso. Il costo della restituzione dei Prodotti a seguito dell\u2019esercizio del diritto di recesso sar\u00e0 a carico del Cliente consumatore ai sensi e nei limiti di cui all&#8217;art. 57 D. Lgs. n. 206\/2005 e successive modificazioni.<br \/>9.5. Se il diritto di recesso \u00e8 esercitato seguendo le modalit\u00e0 e i termini indicati in questo articolo, Capocollo di Martina S.r.l. si impegna a rimborsare tutti i Pagamenti ricevuti dal Cliente consumatore nel minor tempo possibile e comunque entro 14 giorni dalla data di ricevimento della comunicazione di recesso. Salvo che il Cliente indichi espressamente una modalit\u00e0 diversa di rimborso, Capocollo di Martina S.r.l. utilizzer\u00e0 lo stesso mezzo di pagamento usato dal Cliente, senza alcun costo a carico di quest&#8217;ultimo.<br \/>9.6. Capocollo di Martina S.r.l. potr\u00e0 trattenere il rimborso fino a quando non avr\u00e0 ricevuto il Prodotto oppure finch\u00e9 il Cliente non avr\u00e0 fornito prova di aver provveduto alla restituzione, a seconda di quale situazione si verifichi prima.<br \/>Si precisa che saranno rimborsati al Cliente consumatore tutti i Pagamenti effettuati a favore di Capocollo di Martina S.r.l. ivi comprese le eventuali spese di spedizione originarie. Per quanto riguarda queste ultime, ai sensi dell&#8217;art. 56 comma 2 D.Lgs. n. 206\/2005 e successive modificazioni Capocollo di Martina S.r.l. non \u00e8 tenuta a rimborsare i costi supplementari qualora il consumatore abbia scelto espressamente un tipo di consegna diversa dal tipo meno costoso di consegna offerto dal professionista.<br \/>9.7. Qualora i Clienti esercitino il diritto di recesso in modo non conforme alle modalit\u00e0 e termini di cui al presente articolo, i Clienti non avranno diritto al rimborso dei pagamenti effettuati a Capocollo di Martina S.r.l..<br \/>9.8. Il Cliente consumatore sar\u00e0 responsabile solo della diminuzione del valore del Prodotto risultante da una manipolazione del bene diversa da quella necessaria per stabilire la natura, le caratteristiche e il funzionamento del Prodotto stesso.<br \/>9.9. E\u2019 escluso l\u2019esercizio del diritto di recesso nelle ipotesi di cui all\u2019art. 59 D.Lgs. n.206\/2005 e successive modificazioni.<\/p><p>A titolo esemplificativo e non esaustivo si indicano le seguenti ipotesi in cui \u00e8 escluso il diritto di recesso di cui al citato articolo:<br \/>la fornitura di beni confezionati su misura o chiaramente personalizzati;<br \/>la fornitura di prodotti audio o video o software informatici su CD, DVD o altro supporto, le cui confezioni siano state aperte o i relativi sigilli siano stati rimossi dopo la consegna;<br \/>la fornitura di beni che rischiano di deteriorarsi o scadere rapidamente;<br \/>la fornitura di beni sigillati che non si prestano ad essere restituiti per motivi igienici o connessi alla protezione della salute e sono stati aperti dopo la consegna.<\/p><p><strong>10. LEGGE APPLICABILE E FORO COMPETENTE<\/strong><\/p><p>10.1. Le Condizioni Generali e i Contratti sono disciplinati dal diritto italiano e alla luce di questo devono essere interpretate. Ogni questione relativa ai Contratti sar\u00e0 soggetta alla giurisdizione italiana. In particolare, ai sensi dell\u2019art. 66-quater del D.lgs. 206\/2005 (Codice del Consumo), viene qui espressamente richiamata la disciplina contenuta nella Parte III, Titolo III, Capo I del D.lgs. 206\/2005.<br \/>10.2. Nel caso di Cliente \u201cConsumatore\u201d per tutte le controversie derivanti dal presente contratto comprese quelle relative alla sua validit\u00e0, interpretazione, esecuzione e risoluzione la competenza per territorio \u00e8 inderogabilmente attribuita al Giudice del luogo di residenza o di domicilio del Consumatore.<\/p><p><strong>11. RISOLUZIONE ONLINE DELLE CONTROVERSIE PER I CONSUMATORI<\/strong><\/p><p>Capocollo di Martina S.r.l. informa il Cliente Consumatore residente nell&#8217;Unione Europea che la Commissione Europea ha istituito una piattaforma online che fornisce uno strumento di risoluzione alternativa delle controversie. Tale strumento pu\u00f2 essere utilizzato dal Consumatore europeo per risolvere in via non giudiziale ogni controversia relativa a e\/o derivante da contratti di vendita di beni e servizi stipulati in rete. Tale piattaforma pu\u00f2 essere utilizzata per la risoluzione di ogni disputa nascente dal contratto online stipulato. La piattaforma \u00e8 disponibile al seguente link: <a href=\"https:\/\/ec.europa.eu\/consumers\/odr\/\" target=\"_blank\" rel=\"noopener\">https:\/\/ec.europa.eu\/consumers\/odr\/<\/a><\/p>\t\t\t\t\t\t\t\t<\/div>\n\t\t\t\t<\/div>\n\t\t\t\t\t<\/div>\n\t\t\t\t<\/div>\n\t\t\t\t<\/div>","protected":false},"excerpt":{"rendered":"<p>Termini e condizioni NOME Capocollo di Martina S.r.l.INDIRIZZO SEDE LEGALE Via Mottola, 68 74015 Martina Franca (TA)TELEFONO +390804838812E-MAIL info@capocollodimartinafranca.itP.IVA\/C.F. 02960620736NUMERO ISCRIZIONE REGISTRO IMPRESE E RELATIVO UFFICIO DI ISCRIZIONE TA-00000 DEFINIZIONI I termini e le locuzioni di seguito elencate hanno il significato indicato, restando inteso che i termini definiti al singolare si intendono definiti anche al [&hellip;]<\/p>","protected":false},"author":1,"featured_media":0,"parent":0,"menu_order":0,"comment_status":"closed","ping_status":"closed","template":"","meta":{"_acf_changed":false,"footnotes":""},"class_list":["post-644","page","type-page","status-publish","hentry"],"acf":[],"_links":{"self":[{"href":"https:\/\/capocollodimartinafranca.it\/en\/wp-json\/wp\/v2\/pages\/644","targetHints":{"allow":["GET"]}}],"collection":[{"href":"https:\/\/capocollodimartinafranca.it\/en\/wp-json\/wp\/v2\/pages"}],"about":[{"href":"https:\/\/capocollodimartinafranca.it\/en\/wp-json\/wp\/v2\/types\/page"}],"author":[{"embeddable":true,"href":"https:\/\/capocollodimartinafranca.it\/en\/wp-json\/wp\/v2\/users\/1"}],"replies":[{"embeddable":true,"href":"https:\/\/capocollodimartinafranca.it\/en\/wp-json\/wp\/v2\/comments?post=644"}],"version-history":[{"count":10,"href":"https:\/\/capocollodimartinafranca.it\/en\/wp-json\/wp\/v2\/pages\/644\/revisions"}],"predecessor-version":[{"id":3460,"href":"https:\/\/capocollodimartinafranca.it\/en\/wp-json\/wp\/v2\/pages\/644\/revisions\/3460"}],"wp:attachment":[{"href":"https:\/\/capocollodimartinafranca.it\/en\/wp-json\/wp\/v2\/media?parent=644"}],"curies":[{"name":"wp","href":"https:\/\/api.w.org\/{rel}","templated":true}]}}